{"id":51,"date":"2016-12-22T16:13:27","date_gmt":"2016-12-22T15:13:27","guid":{"rendered":"http:\/\/dianameyer.de\/?page_id=51"},"modified":"2017-01-24T16:56:10","modified_gmt":"2017-01-24T15:56:10","slug":"thueringer-kloesse","status":"publish","type":"page","link":"https:\/\/dianameyer.de\/?page_id=51","title":{"rendered":"Th\u00fcringer Kl\u00f6\u00dfe"},"content":{"rendered":"<h6 style=\"text-align: center;\" align=\"left\"><b><span style=\"font-family: Georgia;\">\u00a0<\/span><\/b><b><span style=\"font-family: Georgia;\">Zutaten f\u00fcr 4 Personen:<\/span><\/b><\/h6>\n<h6 style=\"text-align: center;\" align=\"left\"><span style=\"font-family: Georgia;\"><b> 1,5 kg mehlig kochende Kartoffeln,<br \/>\netwas Butter<\/b><\/span><span style=\"font-family: Georgia;\"><b> oder \u00d6l,<br \/>\n1-2<\/b><\/span><\/h6>\n<h6 style=\"text-align: center;\" align=\"left\"><span style=\"font-family: Georgia;\"><b>Scheiben Wei\u00dfbrot oder Br\u00f6tchen ,<br \/>\nSalz<\/b><\/span><\/h6>\n<h6><span style=\"font-family: Georgia;\"><b><img loading=\"lazy\" class=\"size-medium wp-image-62 aligncenter\" src=\"http:\/\/dianameyer.de\/wp-content\/uploads\/2016\/12\/kloesse1-300x225.gif\" alt=\"\" width=\"300\" height=\"225\" \/><\/b><\/span><\/h6>\n<h6><b><span style=\"font-family: Georgia;\">Zubereitung:<\/span><\/b><span style=\"font-family: Georgia;\"><b>\u00a0<\/b><\/span><\/h6>\n<h6 style=\"text-align: center;\"><span style=\"font-family: Georgia;\"><b> Kartoffeln sch\u00e4len &#8212;&gt; 2\/3 rohe Kartoffeln reiben<\/b><\/span><\/h6>\n<h6 style=\"text-align: center;\"><span style=\"font-family: Georgia;\"><b>den Rieb im Leinensack o. a. auspressen und das Wasser auffangen\u00a0<\/b><\/span><\/h6>\n<h6 style=\"text-align: center;\"><span style=\"font-family: Georgia;\"><b> die<\/b><\/span><span style=\"font-family: Georgia;\"><b> St\u00e4rke im Wasser absetzenlassen und dem trockenen Rieb wieder zuf\u00fchren<\/b><\/span><\/h6>\n<h6 style=\"text-align: center;\"><span style=\"font-family: Georgia;\"><b>die restlichen \u00a0Kartoffeln\u00a0im Salzwasser kochen &#8211; Wasser abgie\u00dfen und zum Brei stampfen<\/b><\/span><\/h6>\n<h6 style=\"text-align: center;\"><span style=\"font-family: Georgia;\"><b>Kartoffelbrei hei\u00df den rohen Kartoffeln zugeben und gut durchkneten<\/b><\/span><\/h6>\n<h6 style=\"text-align: center;\"><span style=\"font-family: Georgia;\"><b>Brot- oder Br\u00f6tchenw\u00fcrfel mit Butter goldgelb braten<\/b><\/span><\/h6>\n<h6 style=\"text-align: center;\"><span style=\"font-family: Georgia;\"><b>H\u00e4nde mit kalten Wasser befeuchten, \u00a0Kl\u00f6\u00dfe formen und dabei die Brotw\u00fcrfel hineindr\u00fccken<\/b><\/span><\/h6>\n<h6 style=\"text-align: center;\"><span style=\"font-family: Georgia;\"><b>Salzwasser in einen gro\u00dfen Topf zum kochen \u00a0bringen, Flamme reduzieren und die Kl\u00f6\u00dfe darin garen (nicht kochen)<\/b><\/span><\/h6>\n<h6 style=\"text-align: center;\"><span style=\"font-family: Georgia;\"><b>wenn die Kl\u00f6\u00dfe an der Oberfl\u00e4che schwimmen mit der Schaumkelle herausnehmen<\/b><\/span><\/h6>\n<h6 style=\"text-align: center;\"><span style=\"font-family: Georgia;\"><b>Th\u00fcringer Kl\u00f6\u00dfe passen zu aller\u00a0Art von Braten<\/b><\/span><\/h6>\n<h6 style=\"text-align: center;\" align=\"center\"><b><span style=\"font-family: Georgia;\">guten Appetit<\/span><\/b><\/h6>\n<h6 align=\"center\"><img loading=\"lazy\" class=\"alignnone size-full wp-image-68\" src=\"http:\/\/dianameyer.de\/wp-content\/uploads\/2016\/12\/Klospresse61.jpg\" alt=\"\" width=\"100\" height=\"133\" \/><img loading=\"lazy\" class=\"alignnone size-full wp-image-63\" src=\"http:\/\/dianameyer.de\/wp-content\/uploads\/2016\/12\/Klospresse51.jpg\" alt=\"\" width=\"119\" height=\"159\" \/><\/h6>\n<h6 align=\"center\"><b>Klo\u00dfpesse der Fam. Seckel (1951)<\/b><\/h6>\n<h6 align=\"center\">Beitr\u00e4ge,\u00a0Bilder\u00a0und\u00a0Grafiken sind nicht zur kommerziellen Nutzung freigegeben!<br \/>\n<span style=\"font-size: xx-small;\">Wir k\u00f6nnen keine Garantie auf \u00a0Richtigkeit und Vollstandigkeit der Angaben geben!<br \/>\nLinks wurden mit der Absicht auf \u00a0Inhalte gesetzt die den Tourismus dienlich sind.<br \/>\nSollten Sie Inhalte erkennen, die gegen Gesetze versto\u00dfen oder in denen Rechte verletzt werden, informieren\u00a0sie\u00a0uns\u00a0bitte\u00a0umgehend,\u00a0damit wir diese entfernen k\u00f6nnen!<br \/>\nCopyright \u00a9 2005-2007\u00a0 <a href=\"http:\/\/www.diana-meyer.com\" target=\"_top\">www.diana-meyer.com<\/a> Alle Rechte vorbehalten<\/span>.<\/h6>\n<p>&nbsp;<\/p>\n","protected":false},"excerpt":{"rendered":"<p>\u00a0Zutaten f\u00fcr 4 Personen: 1,5 kg mehlig kochende Kartoffeln, etwas Butter oder \u00d6l, 1-2 Scheiben Wei\u00dfbrot oder Br\u00f6tchen , Salz Zubereitung:\u00a0 Kartoffeln sch\u00e4len &#8212;&gt; 2\/3 rohe Kartoffeln reiben den Rieb im Leinensack o. a. auspressen und das Wasser auffangen\u00a0 die St\u00e4rke im Wasser absetzenlassen und dem trockenen Rieb wieder zuf\u00fchren die restlichen \u00a0Kartoffeln\u00a0im Salzwasser kochen &hellip; <a href=\"https:\/\/dianameyer.de\/?page_id=51\" class=\"more-link\"><span class=\"screen-reader-text\">Th\u00fcringer Kl\u00f6\u00dfe<\/span> weiterlesen<\/a><\/p>\n","protected":false},"author":1,"featured_media":0,"parent":0,"menu_order":0,"comment_status":"closed","ping_status":"closed","template":"","meta":[],"_links":{"self":[{"href":"https:\/\/dianameyer.de\/index.php?rest_route=\/wp\/v2\/pages\/51"}],"collection":[{"href":"https:\/\/dianameyer.de\/index.php?rest_route=\/wp\/v2\/pages"}],"about":[{"href":"https:\/\/dianameyer.de\/index.php?rest_route=\/wp\/v2\/types\/page"}],"author":[{"embeddable":true,"href":"https:\/\/dianameyer.de\/index.php?rest_route=\/wp\/v2\/users\/1"}],"replies":[{"embeddable":true,"href":"https:\/\/dianameyer.de\/index.php?rest_route=%2Fwp%2Fv2%2Fcomments&post=51"}],"version-history":[{"count":10,"href":"https:\/\/dianameyer.de\/index.php?rest_route=\/wp\/v2\/pages\/51\/revisions"}],"predecessor-version":[{"id":218,"href":"https:\/\/dianameyer.de\/index.php?rest_route=\/wp\/v2\/pages\/51\/revisions\/218"}],"wp:attachment":[{"href":"https:\/\/dianameyer.de\/index.php?rest_route=%2Fwp%2Fv2%2Fmedia&parent=51"}],"curies":[{"name":"wp","href":"https:\/\/api.w.org\/{rel}","templated":true}]}}