{"id":459,"date":"2017-02-13T19:37:18","date_gmt":"2017-02-13T18:37:18","guid":{"rendered":"http:\/\/dianameyer.de\/?page_id=459"},"modified":"2017-02-13T19:37:18","modified_gmt":"2017-02-13T18:37:18","slug":"luthers-wege-in-erfurt","status":"publish","type":"page","link":"https:\/\/dianameyer.de\/?page_id=459","title":{"rendered":"Luthers Wege in Erfurt"},"content":{"rendered":"<p>,,Luthers Wege in Erfurt\u201c\u00a0\u00a0\u00a0 2 St.\/ bis 35 Pers. \/xx.00 EUR<\/p>\n<p>&nbsp;<\/p>\n<p>Im Fr\u00fchjahr 1501 kommt der junge Martin Luther nach Erfurt, um hier zu studieren.<br \/>\nDiese Jugendzeit wird ihn f\u00fcr seinen weiteren Lebensweg stark pr\u00e4gen.<br \/>\nLange Zeit vor seiner Ankunft waren es gescheite Geister, sie schufen ein besonderes, frisches Klima durch den ,,Erfurter Humanistenkreis\u201c.<br \/>\nDie Erfurter Universit\u00e4t war eine der geachtetsten im Reich.<br \/>\nHier las Luther das erste Mal die Bibel.<br \/>\nAndere Universit\u00e4ten, so sagte Luther ,,sind kleine Sch\u00fctzenschulen\u201c.<br \/>\nDas Jurastudium, was sich sein Vater von ihm versprach, brach er ab und suchte f\u00fcr sich seinen eigenen Weg.<br \/>\nEr sollte einen geistlichen Stand w\u00e4hlen.<br \/>\nAm 17.Juli 1505 trat er ins Augustinerkloster ein. Dort wurde er M\u00f6nch und im Erfurter Dom bekam er seine Priesterweihe.<br \/>\nZeitlebens suchte er seinen ,,gn\u00e4digen Gott\u201c. In den Mauern des Erfurter Augustinerklosters k\u00e4mpfte er mit dem Teufel und um sein Seelenheil mit Gott.<\/p>\n","protected":false},"excerpt":{"rendered":"<p>,,Luthers Wege in Erfurt\u201c\u00a0\u00a0\u00a0 2 St.\/ bis 35 Pers. \/xx.00 EUR &nbsp; Im Fr\u00fchjahr 1501 kommt der junge Martin Luther nach Erfurt, um hier zu studieren. Diese Jugendzeit wird ihn f\u00fcr seinen weiteren Lebensweg stark pr\u00e4gen. Lange Zeit vor seiner Ankunft waren es gescheite Geister, sie schufen ein besonderes, frisches Klima durch den ,,Erfurter Humanistenkreis\u201c. &hellip; <a href=\"https:\/\/dianameyer.de\/?page_id=459\" class=\"more-link\"><span class=\"screen-reader-text\">Luthers Wege in Erfurt<\/span> weiterlesen<\/a><\/p>\n","protected":false},"author":1,"featured_media":0,"parent":0,"menu_order":0,"comment_status":"closed","ping_status":"closed","template":"","meta":[],"_links":{"self":[{"href":"https:\/\/dianameyer.de\/index.php?rest_route=\/wp\/v2\/pages\/459"}],"collection":[{"href":"https:\/\/dianameyer.de\/index.php?rest_route=\/wp\/v2\/pages"}],"about":[{"href":"https:\/\/dianameyer.de\/index.php?rest_route=\/wp\/v2\/types\/page"}],"author":[{"embeddable":true,"href":"https:\/\/dianameyer.de\/index.php?rest_route=\/wp\/v2\/users\/1"}],"replies":[{"embeddable":true,"href":"https:\/\/dianameyer.de\/index.php?rest_route=%2Fwp%2Fv2%2Fcomments&post=459"}],"version-history":[{"count":1,"href":"https:\/\/dianameyer.de\/index.php?rest_route=\/wp\/v2\/pages\/459\/revisions"}],"predecessor-version":[{"id":460,"href":"https:\/\/dianameyer.de\/index.php?rest_route=\/wp\/v2\/pages\/459\/revisions\/460"}],"wp:attachment":[{"href":"https:\/\/dianameyer.de\/index.php?rest_route=%2Fwp%2Fv2%2Fmedia&parent=459"}],"curies":[{"name":"wp","href":"https:\/\/api.w.org\/{rel}","templated":true}]}}