{"id":435,"date":"2017-02-13T11:38:23","date_gmt":"2017-02-13T10:38:23","guid":{"rendered":"http:\/\/dianameyer.de\/?page_id=435"},"modified":"2017-02-13T14:02:28","modified_gmt":"2017-02-13T13:02:28","slug":"erfurts-baukunst","status":"publish","type":"page","link":"https:\/\/dianameyer.de\/?page_id=435","title":{"rendered":"Erfurt&#8217;s Baukunst"},"content":{"rendered":"<pre><strong>Erfurt's Baukunst                \r\n<\/strong>2 Std.   \/bis 35 Pers. \/xx,00 EUR<\/pre>\n<pre>\r\n\r\nErfurt\u2019s historischer Stadtkern, gebettet in der Senke der Gera , ist in Aufbau und Struktur sehr gut erhalten geblieben. Baumeister und Handwerker aus l\u00e4ngst vergangenen Zeiten schufen beeindruckende Bauwerke nicht nur in der Sakralarchitektur. Pr\u00e4chtig sind die H\u00e4userfassaden, ausgestaltet mit reichlich Formen und Farbenspiel, sie k\u00fcnden nach wie vor vom einstigen Wohlstand der Erfurter B\u00fcrger. Bemerkenswert ist unser Anger, die,, Gute Stube der Erfurter\u201c, wie wir gerne sagen, denn er bittet nicht nur Bauhaus und Jugendstil. Jede Epoche erz\u00e4hlt ihre Geschichte.<\/pre>\n","protected":false},"excerpt":{"rendered":"<p>Erfurt&#8217;s Baukunst 2 Std. \/bis 35 Pers. \/xx,00 EUR Erfurt\u2019s historischer Stadtkern, gebettet in der Senke der Gera , ist in Aufbau und Struktur sehr gut erhalten geblieben. Baumeister und Handwerker aus l\u00e4ngst vergangenen Zeiten schufen beeindruckende Bauwerke nicht nur in der Sakralarchitektur. Pr\u00e4chtig sind die H\u00e4userfassaden, ausgestaltet mit reichlich Formen und Farbenspiel, sie k\u00fcnden &hellip; <a href=\"https:\/\/dianameyer.de\/?page_id=435\" class=\"more-link\"><span class=\"screen-reader-text\">Erfurt&#8217;s Baukunst<\/span> weiterlesen<\/a><\/p>\n","protected":false},"author":1,"featured_media":0,"parent":0,"menu_order":0,"comment_status":"closed","ping_status":"closed","template":"","meta":[],"_links":{"self":[{"href":"https:\/\/dianameyer.de\/index.php?rest_route=\/wp\/v2\/pages\/435"}],"collection":[{"href":"https:\/\/dianameyer.de\/index.php?rest_route=\/wp\/v2\/pages"}],"about":[{"href":"https:\/\/dianameyer.de\/index.php?rest_route=\/wp\/v2\/types\/page"}],"author":[{"embeddable":true,"href":"https:\/\/dianameyer.de\/index.php?rest_route=\/wp\/v2\/users\/1"}],"replies":[{"embeddable":true,"href":"https:\/\/dianameyer.de\/index.php?rest_route=%2Fwp%2Fv2%2Fcomments&post=435"}],"version-history":[{"count":2,"href":"https:\/\/dianameyer.de\/index.php?rest_route=\/wp\/v2\/pages\/435\/revisions"}],"predecessor-version":[{"id":453,"href":"https:\/\/dianameyer.de\/index.php?rest_route=\/wp\/v2\/pages\/435\/revisions\/453"}],"wp:attachment":[{"href":"https:\/\/dianameyer.de\/index.php?rest_route=%2Fwp%2Fv2%2Fmedia&parent=435"}],"curies":[{"name":"wp","href":"https:\/\/api.w.org\/{rel}","templated":true}]}}