{"id":432,"date":"2017-02-13T11:39:48","date_gmt":"2017-02-13T10:39:48","guid":{"rendered":"http:\/\/dianameyer.de\/?page_id=432"},"modified":"2017-02-13T14:00:15","modified_gmt":"2017-02-13T13:00:15","slug":"historische-stadtfuehrung","status":"publish","type":"page","link":"https:\/\/dianameyer.de\/?page_id=432","title":{"rendered":"historische Stadtf\u00fchrung"},"content":{"rendered":"<pre><strong>historische Stadtf\u00fchrung         <\/strong>\r\n2 Std.\u00a0\u00a0 \/bis 35 Pers. \/xx,00 EUR<\/pre>\n<pre>\r\n\r\n,, Erfordia turrita\u201c die Stadt der Kirchen und T\u00fcrme. Diese Bezeichnung ist nach wie vor zutreffend. Im Kreuzungspunkt der zwei wichtigsten Handelsstra\u00dfen von Europa entwickelte sich Erfurt zu fr\u00fch und hochmittelalterlichen Zeiten zu einem Zentrum der geistig-kulturellen und wirtschaftlichen Bl\u00fcte. Spannende Geschichte kann man hier erz\u00e4hlen, denn diese historische Altstadt mit Ihren wunderbaren und einzigartigen Baudenkmalen kann man mit Weltgeschichte verbinden.<\/pre>\n","protected":false},"excerpt":{"rendered":"<p>historische Stadtf\u00fchrung 2 Std.\u00a0\u00a0 \/bis 35 Pers. \/xx,00 EUR ,, Erfordia turrita\u201c die Stadt der Kirchen und T\u00fcrme. Diese Bezeichnung ist nach wie vor zutreffend. Im Kreuzungspunkt der zwei wichtigsten Handelsstra\u00dfen von Europa entwickelte sich Erfurt zu fr\u00fch und hochmittelalterlichen Zeiten zu einem Zentrum der geistig-kulturellen und wirtschaftlichen Bl\u00fcte. Spannende Geschichte kann man hier erz\u00e4hlen, &hellip; <a href=\"https:\/\/dianameyer.de\/?page_id=432\" class=\"more-link\"><span class=\"screen-reader-text\">historische Stadtf\u00fchrung<\/span> weiterlesen<\/a><\/p>\n","protected":false},"author":1,"featured_media":0,"parent":0,"menu_order":0,"comment_status":"closed","ping_status":"closed","template":"","meta":[],"_links":{"self":[{"href":"https:\/\/dianameyer.de\/index.php?rest_route=\/wp\/v2\/pages\/432"}],"collection":[{"href":"https:\/\/dianameyer.de\/index.php?rest_route=\/wp\/v2\/pages"}],"about":[{"href":"https:\/\/dianameyer.de\/index.php?rest_route=\/wp\/v2\/types\/page"}],"author":[{"embeddable":true,"href":"https:\/\/dianameyer.de\/index.php?rest_route=\/wp\/v2\/users\/1"}],"replies":[{"embeddable":true,"href":"https:\/\/dianameyer.de\/index.php?rest_route=%2Fwp%2Fv2%2Fcomments&post=432"}],"version-history":[{"count":3,"href":"https:\/\/dianameyer.de\/index.php?rest_route=\/wp\/v2\/pages\/432\/revisions"}],"predecessor-version":[{"id":493,"href":"https:\/\/dianameyer.de\/index.php?rest_route=\/wp\/v2\/pages\/432\/revisions\/493"}],"wp:attachment":[{"href":"https:\/\/dianameyer.de\/index.php?rest_route=%2Fwp%2Fv2%2Fmedia&parent=432"}],"curies":[{"name":"wp","href":"https:\/\/api.w.org\/{rel}","templated":true}]}}