{"id":36,"date":"2016-12-22T16:12:17","date_gmt":"2016-12-22T15:12:17","guid":{"rendered":"http:\/\/dianameyer.de\/?page_id=36"},"modified":"2018-05-23T12:21:29","modified_gmt":"2018-05-23T10:21:29","slug":"besprechen-buchen","status":"publish","type":"page","link":"https:\/\/dianameyer.de\/?page_id=36","title":{"rendered":"Besprechen \/ Buchen"},"content":{"rendered":"<p style=\"text-align: center;\"><strong>Werte G\u00e4ste, <\/strong><\/p>\n<p style=\"text-align: center;\"><strong> Nehmen Sie Kontakt mit mir auf. Auf spezielle Einzelheiten geben wir gerne n\u00e4here Ausk\u00fcnfte, bei individuellen Anliegen finden wir eine gemeinsame L\u00f6sung.<\/strong><strong> Sie k\u00f6nne \u00a0mich per Kontaktformular, E-Mail oder Telefon erreichen.<\/strong><\/p>\n<p style=\"text-align: center;\"><strong>Festnetz: +49 (0)361 \u00a051883589 <\/strong><\/p>\n<p style=\"text-align: center;\"><strong> Mobil:+49 176 24250466<\/strong><\/p>\n<p style=\"text-align: center;\"><strong> mail@diana-meyer.com <\/strong><\/p>\n<p style=\"text-align: center;\"><strong> Ihre Diana Meyer-Kleinert<\/strong><\/p>\n<div id=\"wpcf7-f475-p80-o1\" class=\"wpcf7\" dir=\"ltr\" lang=\"de-DE\">\n<h4 class=\"screen-reader-response\" style=\"text-align: center;\"><strong>KONTAKTFORMUL<\/strong><strong>AR<\/strong><\/h4>\n<div style=\"text-align: center;\"><a href=\"http:\/\/dianameyer.de\/?page_id=476\" target=\"_blank\" rel=\"noopener\"><strong>(Link zur Datenschuterkl\u00e4rung)<\/strong><\/a><\/div>\n<\/div>\n<h4><\/h4>\n<noscript class=\"ninja-forms-noscript-message\">\n    Hinweis: F\u00fcr diese Inhalte ist JavaScript erforderlich.<\/noscript><div id=\"nf-form-3-cont\" class=\"nf-form-cont\">\n\n    <div class=\"nf-loading-spinner\"><\/div>\n\n<\/div>\n        <!-- TODO: Move to Template File. -->\n        <script>\n            var formDisplay = 1;\n\n            \/* Maybe initialize nfForms object *\/\n            var nfForms = nfForms || [];\n\n            \/* Build Form Data *\/\n            var form = [];\n            form.id = '3';\n            form.settings = {\"objectType\":\"Form Setting\",\"editActive\":true,\"title\":\"Kontaktformular\",\"key\":\"\",\"created_at\":\"2016-08-24 16:39:20\",\"default_label_pos\":\"above\",\"_seq_num\":\"3\",\"conditions\":[],\"show_title\":\"1\",\"clear_complete\":\"1\",\"hide_complete\":\"1\",\"wrapper_class\":\"\",\"element_class\":\"\",\"add_submit\":\"1\",\"logged_in\":\"\",\"not_logged_in_msg\":\"<p><br><\\\/p>\",\"sub_limit_number\":\"\",\"sub_limit_msg\":\"\",\"calculations\":[],\"formContentData\":[\"ich_habe_die_datenschutzerklaerung_gelesen_und_stimme_dieser_zu\",\"ich_bin_damit_einverstanden_dass_meine_daten_elektronisch_erfasst_gespeichert_und_ich_informationen_per_e-mail_erhalten_werde_eine_weitergabe_der_daten_an_dritte_erfolgt_nicht_1\",\"name\",\"address_1486040178875\",\"email\",\"telefon\",\"wunschtermin\",\"alternativtermin\",\"stadtfuehrungen_auwaehlen\",\"nachricht\",\"recaptcha_1486391582848\",\"senden\"],\"container_styles_background-color\":\"\",\"container_styles_border\":\"\",\"container_styles_border-style\":\"\",\"container_styles_border-color\":\"\",\"container_styles_color\":\"\",\"container_styles_height\":\"\",\"container_styles_width\":\"\",\"container_styles_font-size\":\"\",\"container_styles_margin\":\"\",\"container_styles_padding\":\"\",\"container_styles_display\":\"\",\"container_styles_float\":\"\",\"container_styles_show_advanced_css\":\"0\",\"container_styles_advanced\":\"\",\"title_styles_background-color\":\"\",\"title_styles_border\":\"\",\"title_styles_border-style\":\"\",\"title_styles_border-color\":\"\",\"title_styles_color\":\"\",\"title_styles_height\":\"\",\"title_styles_width\":\"\",\"title_styles_font-size\":\"\",\"title_styles_margin\":\"\",\"title_styles_padding\":\"\",\"title_styles_display\":\"\",\"title_styles_float\":\"\",\"title_styles_show_advanced_css\":\"0\",\"title_styles_advanced\":\"\",\"row_styles_background-color\":\"\",\"row_styles_border\":\"\",\"row_styles_border-style\":\"\",\"row_styles_border-color\":\"\",\"row_styles_color\":\"\",\"row_styles_height\":\"\",\"row_styles_width\":\"\",\"row_styles_font-size\":\"\",\"row_styles_margin\":\"\",\"row_styles_padding\":\"\",\"row_styles_display\":\"\",\"row_styles_show_advanced_css\":\"0\",\"row_styles_advanced\":\"\",\"row-odd_styles_background-color\":\"\",\"row-odd_styles_border\":\"\",\"row-odd_styles_border-style\":\"\",\"row-odd_styles_border-color\":\"\",\"row-odd_styles_color\":\"\",\"row-odd_styles_height\":\"\",\"row-odd_styles_width\":\"\",\"row-odd_styles_font-size\":\"\",\"row-odd_styles_margin\":\"\",\"row-odd_styles_padding\":\"\",\"row-odd_styles_display\":\"\",\"row-odd_styles_show_advanced_css\":\"0\",\"row-odd_styles_advanced\":\"\",\"success-msg_styles_background-color\":\"\",\"success-msg_styles_border\":\"\",\"success-msg_styles_border-style\":\"\",\"success-msg_styles_border-color\":\"\",\"success-msg_styles_color\":\"\",\"success-msg_styles_height\":\"\",\"success-msg_styles_width\":\"\",\"success-msg_styles_font-size\":\"\",\"success-msg_styles_margin\":\"\",\"success-msg_styles_padding\":\"\",\"success-msg_styles_display\":\"\",\"success-msg_styles_show_advanced_css\":\"0\",\"success-msg_styles_advanced\":\"\",\"error_msg_styles_background-color\":\"\",\"error_msg_styles_border\":\"\",\"error_msg_styles_border-style\":\"\",\"error_msg_styles_border-color\":\"\",\"error_msg_styles_color\":\"\",\"error_msg_styles_height\":\"\",\"error_msg_styles_width\":\"\",\"error_msg_styles_font-size\":\"\",\"error_msg_styles_margin\":\"\",\"error_msg_styles_padding\":\"\",\"error_msg_styles_display\":\"\",\"error_msg_styles_show_advanced_css\":\"0\",\"error_msg_styles_advanced\":\"\",\"currency\":\"\",\"changeEmailErrorMsg\":\"Geben Sie bitte eine g\\u00fcltige E-Mail-Adresse ein!\",\"confirmFieldErrorMsg\":\"Diese Felder m\\u00fcssen \\u00fcbereinstimmen!\",\"fieldNumberNumMinError\":\"Fehler bei Zahlminimum\",\"fieldNumberNumMaxError\":\"Fehler bei Zahlmaximum\",\"fieldNumberIncrementBy\":\"Bitte erh\\u00f6hen um \",\"formErrorsCorrectErrors\":\"Korrigieren Sie bitte die Fehler, bevor Sie dieses Formular absenden.\",\"validateRequiredField\":\"Das ist ein erforderliches Feld.\",\"honeypotHoneypotError\":\"Honeypot-Fehler\",\"fieldsMarkedRequired\":\"Felder mit einem <span class=\\\"ninja-forms-req-symbol\\\">*<\\\/span> m\\u00fcssen ausgef\\u00fcllt werden\",\"ninjaForms\":\"Ninja Forms\",\"fieldTextareaRTEInsertLink\":\"Link einf\\u00fcgen\",\"fieldTextareaRTEInsertMedia\":\"Medium einf\\u00fcgen\",\"fieldTextareaRTESelectAFile\":\"Eine Datei ausw\\u00e4hlen\",\"fileUploadOldCodeFileUploadInProgress\":\"Datei-Upload l\\u00e4uft.\",\"fileUploadOldCodeFileUpload\":\"DATEI-UPLOAD\",\"currencySymbol\":\"&euro;\",\"thousands_sep\":\".\",\"decimal_point\":\",\",\"currency_symbol\":\"&euro;\",\"beforeForm\":\"\",\"beforeFields\":\"\",\"afterFields\":\"\",\"afterForm\":\"\"};\n\n            form.fields = [{\"objectType\":\"Field\",\"objectDomain\":\"fields\",\"editActive\":false,\"order\":1,\"type\":\"checkbox\",\"label\":\"Ich habe die Datenschutzerkl\\u00e4rung gelesen und stimme dieser zu.\",\"key\":\"ich_habe_die_datenschutzerklaerung_gelesen_und_stimme_dieser_zu\",\"label_pos\":\"above\",\"required\":1,\"manual_key\":false,\"default_value\":\"unchecked\",\"id\":33,\"beforeField\":\"\",\"afterField\":\"\",\"parentType\":\"checkbox\",\"element_templates\":[\"checkbox\",\"input\"],\"old_classname\":\"\",\"wrap_template\":\"wrap\"},{\"objectType\":\"Field\",\"objectDomain\":\"fields\",\"editActive\":false,\"order\":2,\"label\":\"Ich bin damit einverstanden, dass meine Daten elektronisch erfasst, gespeichert und ich Informationen per E-Mail erhalten werde. Eine Weitergabe der Daten an Dritte erfolgt nicht.\",\"type\":\"checkbox\",\"key\":\"ich_bin_damit_einverstanden_dass_meine_daten_elektronisch_erfasst_gespeichert_und_ich_informationen_per_e-mail_erhalten_werde_eine_weitergabe_der_daten_an_dritte_erfolgt_nicht_1\",\"label_pos\":\"above\",\"required\":1,\"manual_key\":false,\"default_value\":\"unchecked\",\"id\":39,\"beforeField\":\"\",\"afterField\":\"\",\"parentType\":\"checkbox\",\"element_templates\":[\"checkbox\",\"input\"],\"old_classname\":\"\",\"wrap_template\":\"wrap\"},{\"objectType\":\"Field\",\"objectDomain\":\"fields\",\"editActive\":false,\"order\":3,\"label\":\"Name\",\"key\":\"name\",\"type\":\"textbox\",\"created_at\":\"2016-08-24 16:39:20\",\"label_pos\":\"left\",\"required\":1,\"input_limit_type\":\"characters\",\"input_limit_msg\":\"Character(s) left\",\"wrap_styles_show_advanced_css\":0,\"label_styles_show_advanced_css\":0,\"element_styles_show_advanced_css\":0,\"cellcid\":\"c3277\",\"manual_key\":false,\"id\":15,\"beforeField\":\"\",\"afterField\":\"\",\"parentType\":\"textbox\",\"element_templates\":[\"textbox\",\"input\"],\"old_classname\":\"\",\"wrap_template\":\"wrap\"},{\"objectType\":\"Field\",\"objectDomain\":\"fields\",\"editActive\":false,\"order\":4,\"label\":\"\\ufeffAdresse\",\"type\":\"address\",\"key\":\"address_1486040178875\",\"label_pos\":\"left\",\"required\":false,\"input_limit_type\":\"characters\",\"input_limit_msg\":\"Zeichen \\u00fcbrig\",\"manual_key\":false,\"id\":25,\"beforeField\":\"\",\"afterField\":\"\",\"parentType\":\"address\",\"element_templates\":[\"address\",\"textbox\",\"input\"],\"old_classname\":\"\",\"wrap_template\":\"wrap\"},{\"objectType\":\"Field\",\"objectDomain\":\"fields\",\"editActive\":false,\"order\":5,\"label\":\"Email\",\"key\":\"email\",\"type\":\"email\",\"created_at\":\"2016-08-24 16:39:20\",\"label_pos\":\"left\",\"required\":1,\"wrap_styles_show_advanced_css\":0,\"label_styles_show_advanced_css\":0,\"element_styles_show_advanced_css\":0,\"cellcid\":\"c3281\",\"id\":16,\"beforeField\":\"\",\"afterField\":\"\",\"parentType\":\"email\",\"element_templates\":[\"email\",\"input\"],\"old_classname\":\"\",\"wrap_template\":\"wrap\"},{\"objectType\":\"Field\",\"objectDomain\":\"fields\",\"editActive\":false,\"order\":6,\"type\":\"textbox\",\"label\":\"Telefon\",\"key\":\"telefon\",\"label_pos\":\"left\",\"required\":false,\"input_limit_type\":\"characters\",\"input_limit_msg\":\"Zeichen \\u00fcbrig\",\"manual_key\":false,\"id\":24,\"beforeField\":\"\",\"afterField\":\"\",\"parentType\":\"textbox\",\"element_templates\":[\"textbox\",\"input\"],\"old_classname\":\"\",\"wrap_template\":\"wrap\"},{\"objectType\":\"Field\",\"objectDomain\":\"fields\",\"editActive\":false,\"order\":7,\"type\":\"date\",\"label\":\"Wunschtermin\",\"key\":\"wunschtermin\",\"label_pos\":\"left\",\"required\":false,\"manual_key\":false,\"date_format\":\"YYYY-MM-DD\",\"id\":26,\"beforeField\":\"\",\"afterField\":\"\",\"parentType\":\"date\",\"element_templates\":[\"date\",\"textbox\",\"input\"],\"old_classname\":\"\",\"wrap_template\":\"wrap\"},{\"objectType\":\"Field\",\"objectDomain\":\"fields\",\"editActive\":false,\"order\":8,\"type\":\"date\",\"label\":\"Alternativtermin\",\"key\":\"alternativtermin\",\"label_pos\":\"left\",\"required\":false,\"manual_key\":false,\"help_text\":\"<p>&nbsp;Wunschtermin nicht mehr frei, geben sie eine Alternative ein.&nbsp;<\\\/p>\",\"desc_text\":\"<p><br><\\\/p>\",\"date_format\":\"YYYY-MM-DD\",\"year_range_start\":2017,\"id\":28,\"beforeField\":\"\",\"afterField\":\"\",\"parentType\":\"date\",\"element_templates\":[\"date\",\"textbox\",\"input\"],\"old_classname\":\"\",\"wrap_template\":\"wrap\"},{\"objectType\":\"Field\",\"objectDomain\":\"fields\",\"editActive\":false,\"order\":9,\"label\":\"Stadtf\\u00fchrungen auw\\u00e4hlen\",\"type\":\"listselect\",\"key\":\"stadtfuehrungen_auwaehlen\",\"label_pos\":\"left\",\"required\":false,\"options\":[{\"errors\":[],\"label\":\"%\",\"value\":\"%\",\"calc\":\"\",\"selected\":0,\"order\":0,\"settingModel\":{\"settings\":false,\"hide_merge_tags\":false,\"error\":false,\"name\":\"options\",\"type\":\"option-repeater\",\"label\":\"Optionen <a href=\\\"#\\\" class=\\\"nf-add-new\\\">Hinzuf\\u00fcgen<\\\/a> <a href=\\\"#\\\" class=\\\"extra nf-open-import-tooltip\\\"><i class=\\\"fa fa-sign-in\\\" aria-hidden=\\\"true\\\"><\\\/i> Importieren<\\\/a>\",\"width\":\"full\",\"group\":\"\",\"value\":[{\"label\":\"Einer\",\"value\":\"1\",\"calc\":\"\",\"selected\":0,\"order\":0},{\"label\":\"Zwei\",\"value\":\"zwei\",\"calc\":\"\",\"selected\":0,\"order\":1},{\"label\":\"Drei\",\"value\":\"drei\",\"calc\":\"\",\"selected\":0,\"order\":2}],\"columns\":{\"label\":{\"header\":\"Beschriftung\",\"default\":\"\"},\"value\":{\"header\":\"Wert\",\"default\":\"\"},\"calc\":{\"header\":\"Berechnungswert\",\"default\":\"\"},\"selected\":{\"header\":\"<span class=\\\"dashicons dashicons-yes\\\"><\\\/span>\",\"default\":0}}},\"manual_value\":true},{\"errors\":[],\"label\":\"historische Stadtf\\u00fchrung\",\"value\":\"historische Stadtf\\u00fchrung\",\"calc\":\"\",\"selected\":0,\"order\":1,\"settingModel\":{\"settings\":false,\"hide_merge_tags\":false,\"error\":false,\"name\":\"options\",\"type\":\"option-repeater\",\"label\":\"Optionen <a href=\\\"#\\\" class=\\\"nf-add-new\\\">Hinzuf\\u00fcgen<\\\/a> <a href=\\\"#\\\" class=\\\"extra nf-open-import-tooltip\\\"><i class=\\\"fa fa-sign-in\\\" aria-hidden=\\\"true\\\"><\\\/i> Importieren<\\\/a>\",\"width\":\"full\",\"group\":\"\",\"value\":[{\"label\":\"Einer\",\"value\":\"1\",\"calc\":\"\",\"selected\":0,\"order\":0},{\"label\":\"Zwei\",\"value\":\"zwei\",\"calc\":\"\",\"selected\":0,\"order\":1},{\"label\":\"Drei\",\"value\":\"drei\",\"calc\":\"\",\"selected\":0,\"order\":2}],\"columns\":{\"label\":{\"header\":\"Beschriftung\",\"default\":\"\"},\"value\":{\"header\":\"Wert\",\"default\":\"\"},\"calc\":{\"header\":\"Berechnungswert\",\"default\":\"\"},\"selected\":{\"header\":\"<span class=\\\"dashicons dashicons-yes\\\"><\\\/span>\",\"default\":0}}},\"manual_value\":true},{\"errors\":[],\"label\":\"Erfurt's Baukunst\",\"value\":\"Erfurt's Baukunst\",\"calc\":\"\",\"selected\":0,\"order\":2,\"settingModel\":{\"settings\":false,\"hide_merge_tags\":false,\"error\":false,\"name\":\"options\",\"type\":\"option-repeater\",\"label\":\"Optionen <a href=\\\"#\\\" class=\\\"nf-add-new\\\">Hinzuf\\u00fcgen<\\\/a> <a href=\\\"#\\\" class=\\\"extra nf-open-import-tooltip\\\"><i class=\\\"fa fa-sign-in\\\" aria-hidden=\\\"true\\\"><\\\/i> Importieren<\\\/a>\",\"width\":\"full\",\"group\":\"\",\"value\":[{\"label\":\"Einer\",\"value\":\"1\",\"calc\":\"\",\"selected\":0,\"order\":0},{\"label\":\"Zwei\",\"value\":\"zwei\",\"calc\":\"\",\"selected\":0,\"order\":1},{\"label\":\"Drei\",\"value\":\"drei\",\"calc\":\"\",\"selected\":0,\"order\":2}],\"columns\":{\"label\":{\"header\":\"Beschriftung\",\"default\":\"\"},\"value\":{\"header\":\"Wert\",\"default\":\"\"},\"calc\":{\"header\":\"Berechnungswert\",\"default\":\"\"},\"selected\":{\"header\":\"<span class=\\\"dashicons dashicons-yes\\\"><\\\/span>\",\"default\":0}}},\"manual_value\":true},{\"errors\":[],\"order\":3,\"new\":false,\"options\":[],\"label\":\"individuell nach Absprache\",\"value\":\"individuell-nach-absprache\",\"calc\":\"\",\"selected\":0,\"settingModel\":{\"settings\":false,\"hide_merge_tags\":false,\"error\":false,\"name\":\"options\",\"type\":\"option-repeater\",\"label\":\"Optionen <a href=\\\"#\\\" class=\\\"nf-add-new\\\">Hinzuf\\u00fcgen<\\\/a> <a href=\\\"#\\\" class=\\\"extra nf-open-import-tooltip\\\"><i class=\\\"fa fa-sign-in\\\" aria-hidden=\\\"true\\\"><\\\/i> Importieren<\\\/a>\",\"width\":\"full\",\"group\":\"\",\"value\":[{\"label\":\"Einer\",\"value\":\"1\",\"calc\":\"\",\"selected\":0,\"order\":0},{\"label\":\"Zwei\",\"value\":\"zwei\",\"calc\":\"\",\"selected\":0,\"order\":1},{\"label\":\"Drei\",\"value\":\"drei\",\"calc\":\"\",\"selected\":0,\"order\":2}],\"columns\":{\"label\":{\"header\":\"Beschriftung\",\"default\":\"\"},\"value\":{\"header\":\"Wert\",\"default\":\"\"},\"calc\":{\"header\":\"Berechnungswert\",\"default\":\"\"},\"selected\":{\"header\":\"<span class=\\\"dashicons dashicons-yes\\\"><\\\/span>\",\"default\":0}}}}],\"help_text\":\"Sie wissen was sie wollen, dann w\\u00e4hlen aus.&nbsp;\",\"id\":27,\"beforeField\":\"\",\"afterField\":\"\",\"parentType\":\"list\",\"element_templates\":[\"listselect\",\"input\"],\"old_classname\":\"list-select\",\"wrap_template\":\"wrap\"},{\"objectType\":\"Field\",\"objectDomain\":\"fields\",\"editActive\":false,\"order\":10,\"label\":\"Nachricht\",\"key\":\"nachricht\",\"type\":\"textarea\",\"created_at\":\"2016-08-24 16:39:20\",\"label_pos\":\"left\",\"required\":1,\"input_limit_type\":\"characters\",\"input_limit_msg\":\"Character(s) left\",\"wrap_styles_show_advanced_css\":0,\"label_styles_show_advanced_css\":0,\"element_styles_show_advanced_css\":0,\"cellcid\":\"c3284\",\"manual_key\":false,\"textarea_rte\":0,\"id\":17,\"beforeField\":\"\",\"afterField\":\"\",\"parentType\":\"textarea\",\"element_templates\":[\"textarea\",\"input\"],\"old_classname\":\"\",\"wrap_template\":\"wrap\"},{\"objectType\":\"Field\",\"objectDomain\":\"fields\",\"editActive\":false,\"order\":11,\"type\":\"recaptcha\",\"label\":\"Recaptcha\",\"key\":\"recaptcha_1486391582848\",\"id\":31,\"beforeField\":\"\",\"afterField\":\"\",\"label_pos\":\"above\",\"parentType\":\"textbox\",\"element_templates\":[\"recaptcha\",\"input\"],\"old_classname\":\"\",\"wrap_template\":\"wrap\",\"site_key\":\"6LeZIRQUAAAAAJYpRPXH0wBpfKfV3qfqOGeZwOuY\",\"theme\":\"light\",\"lang\":\"de\"},{\"objectType\":\"Field\",\"objectDomain\":\"fields\",\"editActive\":false,\"order\":12,\"label\":\"Senden\",\"key\":\"senden\",\"type\":\"submit\",\"created_at\":\"2016-08-24 16:39:20\",\"processing_label\":\"Processing\",\"wrap_styles_show_advanced_css\":0,\"label_styles_show_advanced_css\":0,\"element_styles_show_advanced_css\":0,\"submit_element_hover_styles_show_advanced_css\":0,\"cellcid\":\"c3287\",\"id\":18,\"beforeField\":\"\",\"afterField\":\"\",\"label_pos\":\"above\",\"parentType\":\"textbox\",\"element_templates\":[\"submit\",\"button\",\"input\"],\"old_classname\":\"\",\"wrap_template\":\"wrap-no-label\"}];\n\n            \/* Add Form Data to nfForms object *\/\n            nfForms.push( form );\n        <\/script>\n\n        \n","protected":false},"excerpt":{"rendered":"<p>Werte G\u00e4ste, Nehmen Sie Kontakt mit mir auf. Auf spezielle Einzelheiten geben wir gerne n\u00e4here Ausk\u00fcnfte, bei individuellen Anliegen finden wir eine gemeinsame L\u00f6sung. Sie k\u00f6nne \u00a0mich per Kontaktformular, E-Mail oder Telefon erreichen. Festnetz: +49 (0)361 \u00a051883589 Mobil:+49 176 24250466 mail@diana-meyer.com Ihre Diana Meyer-Kleinert KONTAKTFORMULAR (Link zur Datenschuterkl\u00e4rung)<\/p>\n","protected":false},"author":1,"featured_media":0,"parent":0,"menu_order":0,"comment_status":"closed","ping_status":"closed","template":"","meta":[],"_links":{"self":[{"href":"https:\/\/dianameyer.de\/index.php?rest_route=\/wp\/v2\/pages\/36"}],"collection":[{"href":"https:\/\/dianameyer.de\/index.php?rest_route=\/wp\/v2\/pages"}],"about":[{"href":"https:\/\/dianameyer.de\/index.php?rest_route=\/wp\/v2\/types\/page"}],"author":[{"embeddable":true,"href":"https:\/\/dianameyer.de\/index.php?rest_route=\/wp\/v2\/users\/1"}],"replies":[{"embeddable":true,"href":"https:\/\/dianameyer.de\/index.php?rest_route=%2Fwp%2Fv2%2Fcomments&post=36"}],"version-history":[{"count":50,"href":"https:\/\/dianameyer.de\/index.php?rest_route=\/wp\/v2\/pages\/36\/revisions"}],"predecessor-version":[{"id":485,"href":"https:\/\/dianameyer.de\/index.php?rest_route=\/wp\/v2\/pages\/36\/revisions\/485"}],"wp:attachment":[{"href":"https:\/\/dianameyer.de\/index.php?rest_route=%2Fwp%2Fv2%2Fmedia&parent=36"}],"curies":[{"name":"wp","href":"https:\/\/api.w.org\/{rel}","templated":true}]}}