{"id":157,"date":"2016-12-30T11:35:08","date_gmt":"2016-12-30T10:35:08","guid":{"rendered":"http:\/\/dianameyer.de\/?page_id=157"},"modified":"2017-09-14T15:25:15","modified_gmt":"2017-09-14T13:25:15","slug":"impressum","status":"publish","type":"page","link":"https:\/\/dianameyer.de\/?page_id=157","title":{"rendered":"impressum"},"content":{"rendered":"<pre>Betreiber der Webseite     : \u00a0  Diana Meyer-Kleinert<\/pre>\n<pre>Anschrift                  :\u00a0\u00a0\u00a0 H\u00e4\u00dflerstra\u00dfe 80 \r\n\u00a0\u00a0\u00a0\u00a0\u00a0\u00a0\u00a0\u00a0\u00a0\u00a0\u00a0\u00a0\u00a0\u00a0\u00a0\u00a0\u00a0\u00a0\u00a0\u00a0\u00a0\u00a0\u00a0\u00a0     \u00a0\u00a0 99099 Erfurt<\/pre>\n<pre>e-mail                     :\u00a0 \u00a0 mail(at)diana-meyer.com<\/pre>\n<pre>Redaktion                  :    Diana Meyer-Kleinert, Ludwig Meyer,\r\n                                Nathalie Meyer, Lutz-Falk Meyer<\/pre>\n<pre>Quellen f\u00fcr Produkt,\r\nBilder-und Grafikmaterial  :    WordPress, Ludwig Meyer, Nathalie Meyer,\r\n                                Holger Seckel, Lutz-Falk Meyer<\/pre>\n<header class=\"entry-header\"><\/header>\n<div class=\"entry-content\">\n<h4><\/h4>\n<pre>AGB\r\n\r\nAllgemeine Gesch\u00e4ftsbedingungen (AGB\u2019s)\r\n\r\nvon \u201eErfurt erleben\u201c (das sind: Sabine Hahnel, Diana Meyer-Kleinert, Matthias Gose und Severin Raack) f\u00fcr G\u00e4stef\u00fchrungen in Erfurt\r\n\r\nIn den folgenden Bestimmungen ist unter Auftraggeber der Besteller der F\u00fchrung und unter Auf\u00adtragnehmer der jeweilige G\u00e4stef\u00fchrer zu verstehen.\r\n\r\n(1) Wirksamkeit der Allgemeinen Gesch\u00e4ftsbedingungen\r\n\r\nDer Auftraggeber erkennt diese Allgemeinen Gesch\u00e4ftsbedingungen mit der Auftragserteilung an.\r\n\r\nDer Vertragsschluss erfolgt ausschlie\u00dflich auf der Grundlage dieser Allgemeinen Gesch\u00e4ftsbedin\u00adgungen des G\u00e4stef\u00fchrers. Andere Vertragswerke gelten nicht, auch soweit einzelne Regelungen in diesen Allgemeinen Gesch\u00e4ftsbedingungen des G\u00e4stef\u00fchrers nicht enthalten sind.\r\n\r\n(2) \u00c4nderung, Erg\u00e4nzung, Nebenabreden der Leistungsbeschreibung\r\n\r\nArt und Umfang der vertraglichen Leistungen ergeben sich aus der Leistungsbeschreibung in der Auftragsbest\u00e4tigung.\r\n\r\n\u00c4nderungen, Erg\u00e4nzungen oder Nebenabreden bed\u00fcrfen in jedem Falle der Schriftform.\r\n\r\nF\u00fcr \u00c4nderungen, Erg\u00e4nzungen oder Nebenabreden, die auf Wunsch des Auftraggebers nach Erstel\u00adlen und Zusenden der Auftragsbest\u00e4tigung erfolgen, k\u00f6nnen Mehrkosten entstehen, die zus\u00e4tzlich zu dem vereinbarten Honorar in Rechnung gestellt werden.\r\n\r\nDer Auftragnehmer beh\u00e4lt sich ausdr\u00fccklich vor, eine \u00c4nderung der Angaben (z.B. sobald ein ande\u00adrer G\u00e4stef\u00fchrer muss kurzfristig einspringen muss) zu erkl\u00e4ren, wenn es unumg\u00e4ngliche Gr\u00fcnde er\u00adforderlich machen. Der Auftraggeber wird hier\u00fcber unverz\u00fcglich schriftlich informiert. Die H\u00f6he des vereinbarten Honorars wird hiervon nicht ber\u00fchrt.\r\n\r\nDie Angabe der F\u00fchrungsdauer ist ein ungef\u00e4hrer Wert, der auf den Kenntnissen des Auftragneh\u00admers beruht. Je nach Gruppengr\u00f6\u00dfe bzw. anderen Umst\u00e4nden sind Abweichungen von dieser Zeit\u00adangabe m\u00f6glich. Der Auftraggeber verpflichtet sich, dies bei der Planung von Anschlussterminen u.\u00e4. zu ber\u00fccksichtigen.\r\n\r\n(3) Besonderheiten bei dem Betreten von Liegenschaften Dritter\r\n\r\nFalls zwischen dem Auftraggeber und dem Auftragnehmer die Innenbesichtigung einer Liegen\u00adschaft Dritter abgesprochen wurde, kann es vorkommen, dass eine F\u00fchrung in dieser Liegenschaft aufgrund einer besonderen Nutzung durch den Eigent\u00fcmer oder durch Dritte nicht m\u00f6glich ist. Das \u00e4ndert nichts am vereinbarten F\u00fchrungshonorar.\r\n\r\n(4) Gruppengr\u00f6\u00dfe\r\n\r\nDie maximale Teilnehmerzahl betr\u00e4gt 35 Personen. Wird diese Anzahl \u00fcberschritten, ist die Beauf\u00adtragung eines weiteren G\u00e4stef\u00fchrers erforderlich.\r\n\r\nBei F\u00fchrungen in Geb\u00e4uden und Ausstellungen betr\u00e4gt die maximale Teilnehmerzahl nach Auflage der Hausherren in Erfurt 25 Personen. Bei \u00dcberschreitung der Gruppengr\u00f6\u00dfe ist dann die Beauftra\u00adgung eines weiteren G\u00e4stef\u00fchrers erforderlich.\r\n\r\n(5) Zahlung\r\n\r\nF\u00fcr die verschiedenen Kost\u00fcmf\u00fchrungen werden folgende Preise berechnet:\r\n\r\n\u201eUm Kopf &amp; Kragen\u201c: p.P. 11,- \u20ac, Mindestpreis 165,- \u20ac\r\n\r\nPreis mit 2 Figuren 19,- \u20ac p.P., Mindestpreis 285,- \u20ac\r\n\r\n\u201eFestungsf\u00fchrung mit Maximilian von Welsch\u201c:\r\n\r\np.P. 11,- \u20ac, Mindestpreis 165,- \u20ac\r\n\r\n\u201eUnterwegs mit Bruder Martin\u201c\r\n\r\np.P. 11,- \u20ac, Mindestpreis 165,- \u20ac\r\n\r\n\u201eAnna \u2013 Die Gemahlin des Ratsherrn\u201c\r\n\r\np.P. 11,- \u20ac, Mindestpreis 165,- \u20ac\r\n\r\n\u201eJohanna \u2013 Die Tochter des Baders\u201c:\r\n\r\np.P. 11,- \u20ac, Mindestpreis 165,- \u20ac\r\n\r\n\u201eGraf von Gleichen \u2013 Wie heiratet Mann zwei Frauen zur Gleichenzeit?\u201c:\r\n\r\np.P. 11,- \u20ac, Mindestpreis 165,- \u20ac\r\n\r\nPreis mit 2 Figuren 19,- \u20ac p.P., Mindestpreis 285,- \u20ac\r\n\r\n\u201eUnterwegs mit dem Erfurter Weihnachtswichtel\u201c:\r\n\r\np.P. 13,- \u20ac, Mindestpreis 195,- \u20ac\r\n\r\ninkl. kleiner traditioneller Wichtelgeschenke 16,-\u20ac p.P.\r\n\r\nDer Auftraggeber teilt dem Auftragnehmer bis zu zwei Tagen vor Leistungsbeginn eine eventuelle Ver\u00e4nderung der Personenzahl mit. Auf deren Grundlage erfolgt die Rechnungsstellung.\r\n\r\nW\u00fcnscht der Auftraggeber einen Treffpunkt au\u00dferhalb des Stadtzentrums, werden dem Auftragge\u00adber die Aufwendungen f\u00fcr Bef\u00f6rderungskosten zus\u00e4tzlich in Rechnung gestellt.\r\n\r\nDie angegebenen Preise enthalten die gesetzliche Umsatzsteuer in H\u00f6he von 19%, es sei denn der Auftragnehmer ist im Sinne von \u00a7 19 UStG von der Umsatzsteuer befreit ist.\r\n\r\nSoweit nicht anders schriftlich vereinbart, erfolgt die Bezahlung am Leistungstag direkt beim Auf\u00adtragnehmer bar gegen Quittung im Sinne von \u00a7 368 BGB in vollem Umfang. Auf Wunsch erfolgt eine Rechnungslegung.\r\n\r\n(6) Wartezeit des Auftragnehmers\r\n\r\nVersp\u00e4tungen sind dem Auftragnehmer vom Auftraggeber unter dessen Mobilfunknummer schnellstm\u00f6glich mitzuteilen. Der Auftragnehmer wartet 30 Minuten am vereinbarten Treffpunkt auf das vollst\u00e4ndige Erscheinen der Gruppe des Auftraggebers. Bei Versp\u00e4tung des Auftraggebers besteht kein Anspruch auf Verl\u00e4ngerung der F\u00fchrung oder Reduzierung des Preises. Die verstriche\u00adne Wartezeit geht zu Lasten der vereinbarten F\u00fchrungszeit.\r\n\r\nVereinbaren Auftragnehmer und Auftraggeber vor Ort dennoch eine Verl\u00e4ngerung der F\u00fchrung, so werden f\u00fcr die Verl\u00e4ngerung pro angefangenen 30 Minuten 20,- \u20ac zus\u00e4tzlich als Honorar berechnet.\r\n\r\n(7) R\u00fccktritt durch den Auftragnehmer\r\n\r\nWird die Vertragserf\u00fcllung aufgrund h\u00f6herer Gewalt gef\u00e4hrdet, beeintr\u00e4chtigt oder unm\u00f6glich, kann der Auftragnehmer von der vereinbarten Leistung zur\u00fccktreten oder diese ersatzlos abbrechen. Eine Entsch\u00e4digung des Auftraggebers wird ausdr\u00fccklich ausgeschlossen.\r\n\r\n(8) R\u00fccktritt durch den Auftraggeber\r\n\r\nDer R\u00fccktritt vom Vertrag (Stornierung) muss schriftlich erfolgen.\r\n\r\nBei einem R\u00fccktritt des Auftraggebers werden folgende Kosten angesetzt:\r\n\r\nbis 3 Tage vor Leistungsbeginn kostenlos,\r\n\r\nbis 2 Tage vor Leistungsbeginn 25% des vereinbarten Preises,\r\n\r\nab 1 Tag vor Leistungsbeginn 50 % des vereinbarter Preis,\r\n\r\nsowie am Leistungstag den vereinbarten Preis in voller H\u00f6he\r\n\r\nDer Auftragnehmer beh\u00e4lt sich vor, die vereinbarten und bereits erbrachten Leistungen dem Auf\u00adtraggeber in Rechnung zu stellen.\r\n\r\nBleibt der Auftraggeber am Leistungstag der gebuchten Leistung fern oder nimmt sie aus Gr\u00fcnden, die der Auftragnehmer nicht zu verantworten hat, nicht wahr, wird der im Vertrag vereinbarte Preis in Rechnung gestellt. Hieraus ergibt sich kein Recht des Auftraggebers auf Nachholung der F\u00fchrung zu einem sp\u00e4teren Zeitpunkt.\r\n\r\nBei einer vorzeitigen Beendigung der F\u00fchrung auf Wunsch des Auftraggebers ist der komplette, vorher vereinbarte Preis zu zahlen.\r\n\r\nNimmt der Auftraggeber einzelne Leistungen nach Beginn der F\u00fchrung in Folge vorzeitiger R\u00fcck\u00adreise oder aus anderen Gr\u00fcnden, die der Auftragnehmer nicht zu verantworten hat, nicht oder nicht in vollem Umfang wahr, so hat er keinen Anspruch auf Erstattung bzw. Erm\u00e4\u00dfigung des vereinbar\u00adten Preises.\r\n\r\n(9) Urheberrecht und andere Rechte des Auftragnehmers\r\n\r\nBild- und Tonaufnahmen des Auftragnehmers sowie Mitschnitte und Tonaufnahmen des F\u00fchrungs\u00adinhaltes sind nicht gestattet. Ausgegebenes Bild- und Lehrmaterial darf ohne Zustimmung des Auf\u00adtragnehmers auf keine Weise vervielf\u00e4ltigt werden.\r\n\r\n(10) Mitwirkungspflichten des Auftraggebers\r\n\r\nDer Auftraggeber ist verpflichtet, an der Erf\u00fcllung des vereinbarten Vertrags mitzuwirken und even\u00adtuelle Sch\u00e4den bzw. St\u00f6rungen zu vermeiden. Sollten Teilnehmer der F\u00fchrung die Durchf\u00fchrung der Leistung wiederholt st\u00f6ren, ist der Auftragnehmer berechtigt, die F\u00fchrung sofort abzubrechen. Dennoch ist die Leistung im vollen Umfang zu bezahlen.\r\n\r\nInsbesondere verpflichtet sich der Auftraggeber, den Auftragnehmer rechtzeitig vor Beginn der F\u00fch\u00adrung auf Besonderheiten des Gruppenprofils (z.B. Geh- und Sehbehinderung, Minderj\u00e4hrige) hinzu\u00adweisen. Sofern ein solcher Hinweis unterbleibt bzw. erst zu Beginn der F\u00fchrung erfolgt, wird sei\u00adtens des Auftragnehmers keine Haftung f\u00fcr eventuell notwendige Leistungseinschr\u00e4nkungen \u00fcber\u00adnommen.\r\n\r\n(11) Haftung\r\n\r\nDie Haftung des Auftragnehmers beschr\u00e4nkt sich auf die Erf\u00fcllung des vereinbarten Leistungsum\u00adfangs und ist finanziell begrenzt auf die H\u00f6he des vereinbarten F\u00fchrungshonorars. Diese betragsm\u00e4\u00ad\u00dfige Haftung gilt nicht f\u00fcr Sch\u00e4den aus der Verletzung des Lebens, des K\u00f6rpers oder der Gesund\u00adheit, die auf einer vors\u00e4tzliche oder grob fahrl\u00e4ssigen Pflichtverletzung des Auftragnehmers oder seines Vertreters oder Erf\u00fcllungsgehilfen beruhen.\r\n\r\n\u00dcber die Mitgliedschaft im Erfurter G\u00e4stef\u00fchrerverein besteht \u00fcber den Bundesverband der G\u00e4ste\u00adf\u00fchrer in Deutschland e.V. eine Berufshaftpflichtversicherung sowie eine Verm\u00f6gensschadenversi\u00adcherung. Ausf\u00fchrliche Informationen dazu finden Sie unter www.bvgd.org.\r\n\r\nBei der Teilnahme Minderj\u00e4hriger wird keine Aufsichtspflicht \u00fcbernommen. Diese verbleibt bei den Eltern, den gesetzlichen Vertretern oder den Begleitpersonen.\r\n\r\n(12) Geltendes Recht\r\n\r\nSofern nichts anderes in diesen Allgemeinen Gesch\u00e4ftsbedingungen bestimmt oder schriftlich zwi\u00adschen Auftraggeber und Auftragnehmer vereinbart ist, findet auf das Vertragsverh\u00e4ltnis zwischen dem Auftraggeber und dem Auftragnehmer ausschlie\u00dflich deutsches Recht Anwendung.\r\n\r\nGerichtsstand ist Erfurt.\r\n\r\n(13) Salvatorische Klausel\r\n\r\nDie Unwirksamkeit einzelner Bestimmungen hat nicht die Unwirksamkeit des gesamten Vertrags zur Folge. An die Stelle unwirksamer Bestimmungen treten in diesem Fall die gesetzlichen Vor\u00adschriften.<\/pre>\n<\/div>\n<pre style=\"text-align: center;\">Beitr\u00e4ge, Bilder und Grafiken sind nicht zur kommerziellen Nutzung freigegeben!\r\nWir k\u00f6nnen keine Garantie auf Richtigkeit und Vollstandigkeit der Angaben geben !\r\nLinks wurden mit der Absicht auf Inhalte gesetzt die den Tourismus dienlich sind.\r\nSollten Sie Inhalte erkennen, die gegen Gesetze versto\u00dfen oder in denen Rechte verletzt werden, informieren sie uns bitte umgehend, damit wir diese entfernen k\u00f6nnen!\r\nCopyright \u00a9 2005 www.diana-meyer.com Alle Rechte vorbehalten.<\/pre>\n","protected":false},"excerpt":{"rendered":"<p>Betreiber der Webseite : \u00a0 Diana Meyer-Kleinert Anschrift :\u00a0\u00a0\u00a0 H\u00e4\u00dflerstra\u00dfe 80 \u00a0\u00a0\u00a0\u00a0\u00a0\u00a0\u00a0\u00a0\u00a0\u00a0\u00a0\u00a0\u00a0\u00a0\u00a0\u00a0\u00a0\u00a0\u00a0\u00a0\u00a0\u00a0\u00a0\u00a0 \u00a0\u00a0 99099 Erfurt e-mail :\u00a0 \u00a0 mail(at)diana-meyer.com Redaktion : Diana Meyer-Kleinert, Ludwig Meyer, Nathalie Meyer, Lutz-Falk Meyer Quellen f\u00fcr Produkt, Bilder-und Grafikmaterial : WordPress, Ludwig Meyer, Nathalie Meyer, Holger Seckel, Lutz-Falk Meyer AGB Allgemeine Gesch\u00e4ftsbedingungen (AGB\u2019s) von \u201eErfurt erleben\u201c (das sind: Sabine Hahnel, &hellip; <a href=\"https:\/\/dianameyer.de\/?page_id=157\" class=\"more-link\"><span class=\"screen-reader-text\">impressum<\/span> weiterlesen<\/a><\/p>\n","protected":false},"author":1,"featured_media":0,"parent":0,"menu_order":0,"comment_status":"closed","ping_status":"closed","template":"","meta":[],"_links":{"self":[{"href":"https:\/\/dianameyer.de\/index.php?rest_route=\/wp\/v2\/pages\/157"}],"collection":[{"href":"https:\/\/dianameyer.de\/index.php?rest_route=\/wp\/v2\/pages"}],"about":[{"href":"https:\/\/dianameyer.de\/index.php?rest_route=\/wp\/v2\/types\/page"}],"author":[{"embeddable":true,"href":"https:\/\/dianameyer.de\/index.php?rest_route=\/wp\/v2\/users\/1"}],"replies":[{"embeddable":true,"href":"https:\/\/dianameyer.de\/index.php?rest_route=%2Fwp%2Fv2%2Fcomments&post=157"}],"version-history":[{"count":10,"href":"https:\/\/dianameyer.de\/index.php?rest_route=\/wp\/v2\/pages\/157\/revisions"}],"predecessor-version":[{"id":474,"href":"https:\/\/dianameyer.de\/index.php?rest_route=\/wp\/v2\/pages\/157\/revisions\/474"}],"wp:attachment":[{"href":"https:\/\/dianameyer.de\/index.php?rest_route=%2Fwp%2Fv2%2Fmedia&parent=157"}],"curies":[{"name":"wp","href":"https:\/\/api.w.org\/{rel}","templated":true}]}}