{"id":14,"date":"2016-12-21T17:29:10","date_gmt":"2016-12-21T16:29:10","guid":{"rendered":"http:\/\/dianameyer.de\/?page_id=14"},"modified":"2017-04-25T17:04:06","modified_gmt":"2017-04-25T15:04:06","slug":"willkommen-in-meiner-heimat","status":"publish","type":"page","link":"https:\/\/dianameyer.de\/","title":{"rendered":"Willkommen in Th\u00fcringen , meiner Heimatstadt Erfurt"},"content":{"rendered":"<pre style=\"text-align: center;\"><strong>wo<\/strong>\r\n<strong> <img loading=\"lazy\" class=\"size-full wp-image-72 alignleft\" src=\"http:\/\/dianameyer.de\/wp-content\/uploads\/2016\/12\/diana96dp1links1.jpg\" alt=\"\" width=\"150\" height=\"168\" \/>Luther auf der Wartburg das Tintenfa\u00df nach dem Teufel warf, Goethe bei Ilmenau den Kickelhahn bestieg, Prof. Gropius in Bauhaus Weimar Kunst und Architektur \u00a0revolutionierte, M\u00fcnzer in M\u00fchlhausen den \"ewigen Rat\" berief, Napoleon die Zitadelle Petersberg . . .<\/strong><img loading=\"lazy\" class=\"aligncenter wp-image-4 size-full\" src=\"http:\/\/dianameyer.de\/wp-content\/uploads\/2016\/12\/efpanorama1.jpg\" width=\"755\" height=\"169\" srcset=\"https:\/\/dianameyer.de\/wp-content\/uploads\/2016\/12\/efpanorama1.jpg 755w, https:\/\/dianameyer.de\/wp-content\/uploads\/2016\/12\/efpanorama1-300x67.jpg 300w\" sizes=\"(max-width: 755px) 100vw, 755px\" \/><\/pre>\n<pre style=\"text-align: center;\"><strong>Ich habe mein Hobby zum Beruf gemacht.<\/strong>\r\n<strong> Schon immer hat mich Kunst und Geschichte fasziniert<\/strong>\r\n<strong> und nun seit 15 Jahren mache ich das, <\/strong>\r\n<strong> was ich immer machen wollte ,,Geschichte erz\u00e4hlen\u201c.<\/strong>\r\n \r\n<strong> Th\u00fcringer Geschichte, denn Th\u00fcringen ist ein wahres\u00a0 Abenteuerland.<\/strong>\r\n<strong> Mittendrinn die Landeshauptstadt Erfurt, in der ich geboren bin.<\/strong>\r\n<strong> Erfurt hat etwas Einzigartiges zu bieten, eine zauberhafte Altstadt,<\/strong>\r\n<strong> die man mit spannender Weltgeschichte verbinden muss.\r\n<\/strong>\r\n<strong>Mit Begeisterung f\u00fchre ich meine G\u00e4ste an Orte des Geschehens,<\/strong>\r\n<strong> ich stupse sie mit der Nase darauf, denn hier ist es geschehen.<\/strong>\r\n\r\n<strong>Es ist meine Berufung meinen G\u00e4sten die Sch\u00f6nheit meines Landes, <\/strong>\r\n<strong> meiner Heimatstadt Erfurt, dessen Chroniken, Legenden, Sagen<\/strong>\r\n<strong> und K\u00fcnste so nahe zu bringen, dass sie besondere\u00a0\u00a0\u00a0\u00a0\u00a0\u00a0\u00a0\u00a0\u00a0\u00a0\u00a0 <\/strong>\r\n<strong> Erlebnisse und Eindr\u00fccke mit nach Hause nehmen k\u00f6nnen.<\/strong>\r\n<\/pre>\n<pre style=\"text-align: center;\"><strong>\r\nTh\u00fcringen, das gr\u00fcne Herz Deutschlands, ist nicht nur landschaftlich attraktiv, sondern auch Dreh- und Angelpunkt der europ\u00e4ischen Geschichte. Altehrw\u00fcrdige St\u00e4dte, Burgen, Kl\u00f6ster, Schl\u00f6sser, interessante Museen, einzigartige Architektur und bedeutende Pers\u00f6nlichkeiten, die hier einst verweilten und deren Spuren wir auf Schritt und Tritt verfolgen k\u00f6nnen, m\u00f6chte ich Ihnen n\u00e4her bringen. Wundersch\u00f6ne W\u00e4lder, Berge mit sch\u00f6nen Fernblicken, stille T\u00e4ler und abwechslungsreiche Waldwege locken in ein Wanderparadies.<\/strong>\r\n\r\nWie sagte so sch\u00f6n Viktor von Scheffel:\r\n\r\nW<strong>er einmal Deinen Jungborn fand,<\/strong>\r\n<strong> der tauscht mit keinem andern. <\/strong>\r\n<strong>Th\u00fcringer Wald,<\/strong>\r\n<strong> Th\u00fcringer Land,<\/strong>\r\n<strong> nur hier m\u00f6cht ich noch wandern.<\/strong>\r\n---------------------------------------- Ihre Diana Meyer-Kleinert\r\n\r\n<\/pre>\n<p>&nbsp;<\/p>\n","protected":false},"excerpt":{"rendered":"<p>wo Luther auf der Wartburg das Tintenfa\u00df nach dem Teufel warf, Goethe bei Ilmenau den Kickelhahn bestieg, Prof. Gropius in Bauhaus Weimar Kunst und Architektur \u00a0revolutionierte, M\u00fcnzer in M\u00fchlhausen den &#8222;ewigen Rat&#8220; berief, Napoleon die Zitadelle Petersberg . . . Ich habe mein Hobby zum Beruf gemacht. Schon immer hat mich Kunst und Geschichte fasziniert &hellip; <a href=\"https:\/\/dianameyer.de\/\" class=\"more-link\"><span class=\"screen-reader-text\">Willkommen in Th\u00fcringen , meiner Heimatstadt Erfurt<\/span> weiterlesen<\/a><\/p>\n","protected":false},"author":1,"featured_media":0,"parent":0,"menu_order":0,"comment_status":"closed","ping_status":"closed","template":"","meta":[],"_links":{"self":[{"href":"https:\/\/dianameyer.de\/index.php?rest_route=\/wp\/v2\/pages\/14"}],"collection":[{"href":"https:\/\/dianameyer.de\/index.php?rest_route=\/wp\/v2\/pages"}],"about":[{"href":"https:\/\/dianameyer.de\/index.php?rest_route=\/wp\/v2\/types\/page"}],"author":[{"embeddable":true,"href":"https:\/\/dianameyer.de\/index.php?rest_route=\/wp\/v2\/users\/1"}],"replies":[{"embeddable":true,"href":"https:\/\/dianameyer.de\/index.php?rest_route=%2Fwp%2Fv2%2Fcomments&post=14"}],"version-history":[{"count":29,"href":"https:\/\/dianameyer.de\/index.php?rest_route=\/wp\/v2\/pages\/14\/revisions"}],"predecessor-version":[{"id":468,"href":"https:\/\/dianameyer.de\/index.php?rest_route=\/wp\/v2\/pages\/14\/revisions\/468"}],"wp:attachment":[{"href":"https:\/\/dianameyer.de\/index.php?rest_route=%2Fwp%2Fv2%2Fmedia&parent=14"}],"curies":[{"name":"wp","href":"https:\/\/api.w.org\/{rel}","templated":true}]}}