{"id":113,"date":"2016-12-22T16:49:18","date_gmt":"2016-12-22T15:49:18","guid":{"rendered":"http:\/\/dianameyer.de\/?page_id=113"},"modified":"2017-01-26T19:04:38","modified_gmt":"2017-01-26T18:04:38","slug":"heimatkunde","status":"publish","type":"page","link":"https:\/\/dianameyer.de\/?page_id=113","title":{"rendered":"Heimatkunde"},"content":{"rendered":"<p>&nbsp;<\/p>\n<p><img loading=\"lazy\" class=\"alignnone wp-image-69 size-full\" src=\"http:\/\/dianameyer.de\/wp-content\/uploads\/2016\/12\/casinopan1.jpg\" width=\"755\" height=\"118\" srcset=\"https:\/\/dianameyer.de\/wp-content\/uploads\/2016\/12\/casinopan1.jpg 755w, https:\/\/dianameyer.de\/wp-content\/uploads\/2016\/12\/casinopan1-300x47.jpg 300w\" sizes=\"(max-width: 755px) 100vw, 755px\" \/><\/p>\n<pre><b><span style=\"font-family: Georgia;\"><img loading=\"lazy\" src=\"http:\/\/diana-meyer.com\/heimat\/diana%20mit%20ben200.jpg\" width=\"120\" height=\"200\" align=\"left\" border=\"0\" hspace=\"40\" vspace=\"10\" \/><\/span><\/b>\r\n\r\n\r\n\r\n<strong><span style=\"font-family: Georgia;\"> Werte G\u00e4ste,<\/span><img loading=\"lazy\" src=\"http:\/\/diana-meyer.com\/heimat\/wegweiser.jpg\" width=\"175\" height=\"214\" align=\"right\" border=\"0\" hspace=\"10\" vspace=\"10\" \/>\r\n\r\n<\/strong>\r\n\r\n<strong>Viele Firmen, Kommunen, Vereine, Verb\u00e4nde, oder <\/strong>\r\n<strong>privat Personen f\u00fcllen das\u00a0Internet mit Wissenswerten\u00a0\u00fcber\u00a0 Th\u00fcringen.\r\n Auf den nachfolgenden Seiten m\u00f6chten \u00a0wir unseren kleinen Beitrag \u00a0leisten, Wissen und Informationen \u00fcber meine\u00a0Heimat weiterzugeben.\r\n\r\nSollten Sie Fragen oder Anregungen zu unseren \u00a0Beitr\u00e4gen haben, scheuen Sie sich nicht mit mir in Verbindung zu treten.\r\n<\/strong>\r\n\r\n\r\n<b>                         viel Spa\u00df<\/b>\r\n\r\n\r\n<\/pre>\n<p style=\"text-align: center;\">Beitr\u00e4ge,\u00a0Bilder\u00a0und\u00a0Grafiken sind nicht zur kommerziellen Nutzung freigegeben!<br \/>\n<span style=\"font-size: xx-small;\">Wir k\u00f6nnen keine Garantie auf Richtigkeit und Vollstandigkeit der Angaben geben !<br \/>\nLinks wurden mit der Absicht auf Inhalte gesetzt die den Tourismus dienlich sind.<br \/>\nSollten Sie Inhalte erkennen, die gegen Gesetze versto\u00dfen oder in denen Rechte verletzt werden, informieren\u00a0sie\u00a0uns\u00a0bitte\u00a0umgehend,\u00a0damit wir diese entfernen k\u00f6nnen!<br \/>\nCopyright \u00a9 2005\u00a0 <a href=\"http:\/\/www.diana-meyer.com\" target=\"_top\">www.diana-meyer.com<\/a> \u00a0Alle Rechte vorbehalten<\/span>.<\/p>\n<p>&nbsp;<\/p>\n","protected":false},"excerpt":{"rendered":"<p>&nbsp; Werte G\u00e4ste, Viele Firmen, Kommunen, Vereine, Verb\u00e4nde, oder privat Personen f\u00fcllen das\u00a0Internet mit Wissenswerten\u00a0\u00fcber\u00a0 Th\u00fcringen. Auf den nachfolgenden Seiten m\u00f6chten \u00a0wir unseren kleinen Beitrag \u00a0leisten, Wissen und Informationen \u00fcber meine\u00a0Heimat weiterzugeben. Sollten Sie Fragen oder Anregungen zu unseren \u00a0Beitr\u00e4gen haben, scheuen Sie sich nicht mit mir in Verbindung zu treten. viel Spa\u00df Beitr\u00e4ge,\u00a0Bilder\u00a0und\u00a0Grafiken sind &hellip; <a href=\"https:\/\/dianameyer.de\/?page_id=113\" class=\"more-link\"><span class=\"screen-reader-text\">Heimatkunde<\/span> weiterlesen<\/a><\/p>\n","protected":false},"author":1,"featured_media":0,"parent":0,"menu_order":0,"comment_status":"closed","ping_status":"closed","template":"","meta":[],"_links":{"self":[{"href":"https:\/\/dianameyer.de\/index.php?rest_route=\/wp\/v2\/pages\/113"}],"collection":[{"href":"https:\/\/dianameyer.de\/index.php?rest_route=\/wp\/v2\/pages"}],"about":[{"href":"https:\/\/dianameyer.de\/index.php?rest_route=\/wp\/v2\/types\/page"}],"author":[{"embeddable":true,"href":"https:\/\/dianameyer.de\/index.php?rest_route=\/wp\/v2\/users\/1"}],"replies":[{"embeddable":true,"href":"https:\/\/dianameyer.de\/index.php?rest_route=%2Fwp%2Fv2%2Fcomments&post=113"}],"version-history":[{"count":9,"href":"https:\/\/dianameyer.de\/index.php?rest_route=\/wp\/v2\/pages\/113\/revisions"}],"predecessor-version":[{"id":292,"href":"https:\/\/dianameyer.de\/index.php?rest_route=\/wp\/v2\/pages\/113\/revisions\/292"}],"wp:attachment":[{"href":"https:\/\/dianameyer.de\/index.php?rest_route=%2Fwp%2Fv2%2Fmedia&parent=113"}],"curies":[{"name":"wp","href":"https:\/\/api.w.org\/{rel}","templated":true}]}}